{"id":120,"date":"2023-06-05T10:01:06","date_gmt":"2023-06-05T08:01:06","guid":{"rendered":"https:\/\/pressingvendays.fr\/?page_id=120"},"modified":"2023-06-14T16:58:58","modified_gmt":"2023-06-14T14:58:58","slug":"la-box-7-7","status":"publish","type":"page","link":"https:\/\/pressingvendays.fr\/index.php\/la-box-7-7\/","title":{"rendered":"La box 7\/7"},"content":{"rendered":"\t\t<div data-elementor-type=\"wp-page\" data-elementor-id=\"120\" class=\"elementor elementor-120\" data-elementor-post-type=\"page\">\n\t\t\t\t\t\t<section class=\"elementor-section elementor-top-section elementor-element elementor-element-5f1cde92 elementor-section-content-middle elementor-section-boxed elementor-section-height-default elementor-section-height-default\" data-id=\"5f1cde92\" data-element_type=\"section\" data-e-type=\"section\" data-settings=\"{&quot;background_background&quot;:&quot;classic&quot;,&quot;shape_divider_bottom&quot;:&quot;mountains&quot;}\">\n\t\t\t\t\t\t\t<div class=\"elementor-background-overlay\"><\/div>\n\t\t\t\t\t\t<div class=\"elementor-shape elementor-shape-bottom\" aria-hidden=\"true\" data-negative=\"false\">\n\t\t\t<svg xmlns=\"http:\/\/www.w3.org\/2000\/svg\" viewBox=\"0 0 1000 100\" preserveAspectRatio=\"none\">\n\t<path class=\"elementor-shape-fill\" opacity=\"0.33\" d=\"M473,67.3c-203.9,88.3-263.1-34-320.3,0C66,119.1,0,59.7,0,59.7V0h1000v59.7 c0,0-62.1,26.1-94.9,29.3c-32.8,3.3-62.8-12.3-75.8-22.1C806,49.6,745.3,8.7,694.9,4.7S492.4,59,473,67.3z\"\/>\n\t<path class=\"elementor-shape-fill\" opacity=\"0.66\" d=\"M734,67.3c-45.5,0-77.2-23.2-129.1-39.1c-28.6-8.7-150.3-10.1-254,39.1 s-91.7-34.4-149.2,0C115.7,118.3,0,39.8,0,39.8V0h1000v36.5c0,0-28.2-18.5-92.1-18.5C810.2,18.1,775.7,67.3,734,67.3z\"\/>\n\t<path class=\"elementor-shape-fill\" d=\"M766.1,28.9c-200-57.5-266,65.5-395.1,19.5C242,1.8,242,5.4,184.8,20.6C128,35.8,132.3,44.9,89.9,52.5C28.6,63.7,0,0,0,0 h1000c0,0-9.9,40.9-83.6,48.1S829.6,47,766.1,28.9z\"\/>\n<\/svg>\t\t<\/div>\n\t\t\t\t\t<div class=\"elementor-container elementor-column-gap-default\">\n\t\t\t\t\t<div class=\"elementor-column elementor-col-50 elementor-top-column elementor-element elementor-element-5827477b\" data-id=\"5827477b\" data-element_type=\"column\" data-e-type=\"column\">\n\t\t\t<div class=\"elementor-widget-wrap elementor-element-populated\">\n\t\t\t\t\t\t<div class=\"elementor-element elementor-element-119365fe elementor-widget elementor-widget-heading\" data-id=\"119365fe\" data-element_type=\"widget\" data-e-type=\"widget\" data-widget_type=\"heading.default\">\n\t\t\t\t<div class=\"elementor-widget-container\">\n\t\t\t\t\t<h2 class=\"elementor-heading-title elementor-size-default\">La Box 7\/7 : Votre solution pratique de lavage libre-service<\/h2>\t\t\t\t<\/div>\n\t\t\t\t<\/div>\n\t\t\t\t\t<\/div>\n\t\t<\/div>\n\t\t\t\t<div class=\"elementor-column elementor-col-50 elementor-top-column elementor-element elementor-element-759834ce\" data-id=\"759834ce\" data-element_type=\"column\" data-e-type=\"column\">\n\t\t\t<div class=\"elementor-widget-wrap elementor-element-populated\">\n\t\t\t\t\t\t<div class=\"elementor-element elementor-element-7be2a80d elementor-align-center elementor-icon-list--layout-inline elementor-mobile-align-center elementor-widget__width-auto elementor-list-item-link-full_width elementor-widget elementor-widget-icon-list\" data-id=\"7be2a80d\" data-element_type=\"widget\" data-e-type=\"widget\" data-widget_type=\"icon-list.default\">\n\t\t\t\t<div class=\"elementor-widget-container\">\n\t\t\t\t\t\t\t<ul class=\"elementor-icon-list-items elementor-inline-items\">\n\t\t\t\t\t\t\t<li class=\"elementor-icon-list-item elementor-inline-item\">\n\t\t\t\t\t\t\t\t\t\t\t<a href=\"https:\/\/pressingvendays.fr\/\">\n\n\t\t\t\t\t\t\t\t\t\t\t<span class=\"elementor-icon-list-text\">Accueil<\/span>\n\t\t\t\t\t\t\t\t\t\t\t<\/a>\n\t\t\t\t\t\t\t\t\t<\/li>\n\t\t\t\t\t\t\t\t<li class=\"elementor-icon-list-item elementor-inline-item\">\n\t\t\t\t\t\t\t\t\t\t\t<span class=\"elementor-icon-list-icon\">\n\t\t\t\t\t\t\t<i aria-hidden=\"true\" class=\"fas fa-chevron-right\"><\/i>\t\t\t\t\t\t<\/span>\n\t\t\t\t\t\t\t\t\t\t<span class=\"elementor-icon-list-text\">La box 7\/7<\/span>\n\t\t\t\t\t\t\t\t\t<\/li>\n\t\t\t\t\t\t<\/ul>\n\t\t\t\t\t\t<\/div>\n\t\t\t\t<\/div>\n\t\t\t\t\t<\/div>\n\t\t<\/div>\n\t\t\t\t\t<\/div>\n\t\t<\/section>\n\t\t\t\t<section class=\"elementor-section elementor-top-section elementor-element elementor-element-6177c04b elementor-section-content-middle elementor-section-boxed elementor-section-height-default elementor-section-height-default\" data-id=\"6177c04b\" data-element_type=\"section\" data-e-type=\"section\" data-settings=\"{&quot;background_background&quot;:&quot;classic&quot;}\">\n\t\t\t\t\t\t<div class=\"elementor-container elementor-column-gap-default\">\n\t\t\t\t\t<div class=\"elementor-column elementor-col-50 elementor-top-column elementor-element elementor-element-1850e0ed\" data-id=\"1850e0ed\" data-element_type=\"column\" data-e-type=\"column\">\n\t\t\t<div class=\"elementor-widget-wrap elementor-element-populated\">\n\t\t\t\t\t\t<div class=\"elementor-element elementor-element-76378af elementor-widget__width-auto jkit-equal-height-disable elementor-widget elementor-widget-jkit_icon_box\" data-id=\"76378af\" data-element_type=\"widget\" data-e-type=\"widget\" data-widget_type=\"jkit_icon_box.default\">\n\t\t\t\t<div class=\"elementor-widget-container\">\n\t\t\t\t\t<div  class=\"jeg-elementor-kit jkit-icon-box icon-position-left elementor-animation- jeg_module___6a09063001f34\" ><div class=\"jkit-icon-box-wrapper hover-from-left\"><div class=\"icon-box icon-box-header elementor-animation-\"><div class=\"icon style-color\"><img fetchpriority=\"high\" decoding=\"async\" width=\"981\" height=\"933\" src=\"https:\/\/pressingvendays.fr\/wp-content\/uploads\/2023\/06\/Asset-3.png\" class=\"attachment-full size-full\" alt=\"Libre service\" url=\"https:\/\/pressingvendays.fr\/wp-content\/uploads\/2023\/06\/Asset-3.png\" srcset=\"https:\/\/pressingvendays.fr\/wp-content\/uploads\/2023\/06\/Asset-3.png 981w, https:\/\/pressingvendays.fr\/wp-content\/uploads\/2023\/06\/Asset-3-300x285.png 300w, https:\/\/pressingvendays.fr\/wp-content\/uploads\/2023\/06\/Asset-3-768x730.png 768w\" sizes=\"(max-width: 981px) 100vw, 981px\" \/><\/div><\/div><div class=\"icon-box icon-box-body\">\n                <h2 class=\"title\">Libre service<\/h2>\n            <\/div>\n            \n            <\/div><\/div>\t\t\t\t<\/div>\n\t\t\t\t<\/div>\n\t\t\t\t<div class=\"elementor-element elementor-element-29cb63fc elementor-widget elementor-widget-heading\" data-id=\"29cb63fc\" data-element_type=\"widget\" data-e-type=\"widget\" data-widget_type=\"heading.default\">\n\t\t\t\t<div class=\"elementor-widget-container\">\n\t\t\t\t\t<h2 class=\"elementor-heading-title elementor-size-default\">La Box 7\/7 : Votre solution pratique de lavage libre-service<\/h2>\t\t\t\t<\/div>\n\t\t\t\t<\/div>\n\t\t\t\t<div class=\"elementor-element elementor-element-6b5bc33f elementor-widget elementor-widget-text-editor\" data-id=\"6b5bc33f\" data-element_type=\"widget\" data-e-type=\"widget\" data-widget_type=\"text-editor.default\">\n\t\t\t\t<div class=\"elementor-widget-container\">\n\t\t\t\t\t\t\t\t\t<p>D\u00e9couvrez La Box 7\/7, notre solution de lavage libre-service situ\u00e9e au 1 avenue de l&#8217;Europe \u00e0 Vendays-Montalivet. Dans ce conteneur pratique, vous trouverez plusieurs machines \u00e0 laver et s\u00e8che-linge \u00e0 votre disposition, ouvrant la voie \u00e0 une exp\u00e9rience de lavage pratique et flexible. Que vous soyez un r\u00e9sident local ou un visiteur de passage, profitez de cette option pratique pour prendre soin de votre linge \u00e0 votre propre rythme.<\/p>\t\t\t\t\t\t\t\t<\/div>\n\t\t\t\t<\/div>\n\t\t\t\t<section class=\"elementor-section elementor-inner-section elementor-element elementor-element-3f099c0b elementor-section-boxed elementor-section-height-default elementor-section-height-default\" data-id=\"3f099c0b\" data-element_type=\"section\" data-e-type=\"section\">\n\t\t\t\t\t\t<div class=\"elementor-container elementor-column-gap-no\">\n\t\t\t\t\t<div class=\"elementor-column elementor-col-50 elementor-inner-column elementor-element elementor-element-5a47b9ec\" data-id=\"5a47b9ec\" data-element_type=\"column\" data-e-type=\"column\">\n\t\t\t<div class=\"elementor-widget-wrap elementor-element-populated\">\n\t\t\t\t\t\t<div class=\"elementor-element elementor-element-620dd7f4 elementor-align-start elementor-icon-list--layout-traditional elementor-list-item-link-full_width elementor-widget elementor-widget-icon-list\" data-id=\"620dd7f4\" data-element_type=\"widget\" data-e-type=\"widget\" data-widget_type=\"icon-list.default\">\n\t\t\t\t<div class=\"elementor-widget-container\">\n\t\t\t\t\t\t\t<ul class=\"elementor-icon-list-items\">\n\t\t\t\t\t\t\t<li class=\"elementor-icon-list-item\">\n\t\t\t\t\t\t\t\t\t\t\t<span class=\"elementor-icon-list-icon\">\n\t\t\t\t\t\t\t<i aria-hidden=\"true\" class=\"jki jki-check-solid\"><\/i>\t\t\t\t\t\t<\/span>\n\t\t\t\t\t\t\t\t\t\t<span class=\"elementor-icon-list-text\">Flexibilit\u00e9 horaire<\/span>\n\t\t\t\t\t\t\t\t\t<\/li>\n\t\t\t\t\t\t<\/ul>\n\t\t\t\t\t\t<\/div>\n\t\t\t\t<\/div>\n\t\t\t\t<div class=\"elementor-element elementor-element-3c8c4676 elementor-widget elementor-widget-text-editor\" data-id=\"3c8c4676\" data-element_type=\"widget\" data-e-type=\"widget\" data-widget_type=\"text-editor.default\">\n\t\t\t\t<div class=\"elementor-widget-container\">\n\t\t\t\t\t\t\t\t\t<p>La libert\u00e9 de faire votre lessive selon votre propre emploi du temps. Vous n&#8217;\u00eates plus limit\u00e9 aux heures d&#8217;ouverture d&#8217;une laverie traditionnelle.<\/p>\t\t\t\t\t\t\t\t<\/div>\n\t\t\t\t<\/div>\n\t\t\t\t\t<\/div>\n\t\t<\/div>\n\t\t\t\t<div class=\"elementor-column elementor-col-50 elementor-inner-column elementor-element elementor-element-10b7e9ee\" data-id=\"10b7e9ee\" data-element_type=\"column\" data-e-type=\"column\">\n\t\t\t<div class=\"elementor-widget-wrap elementor-element-populated\">\n\t\t\t\t\t\t<div class=\"elementor-element elementor-element-18d22c26 elementor-align-start elementor-icon-list--layout-traditional elementor-list-item-link-full_width elementor-widget elementor-widget-icon-list\" data-id=\"18d22c26\" data-element_type=\"widget\" data-e-type=\"widget\" data-widget_type=\"icon-list.default\">\n\t\t\t\t<div class=\"elementor-widget-container\">\n\t\t\t\t\t\t\t<ul class=\"elementor-icon-list-items\">\n\t\t\t\t\t\t\t<li class=\"elementor-icon-list-item\">\n\t\t\t\t\t\t\t\t\t\t\t<span class=\"elementor-icon-list-icon\">\n\t\t\t\t\t\t\t<i aria-hidden=\"true\" class=\"jki jki-check-solid\"><\/i>\t\t\t\t\t\t<\/span>\n\t\t\t\t\t\t\t\t\t\t<span class=\"elementor-icon-list-text\">Facilit\u00e9 d'utilisation<\/span>\n\t\t\t\t\t\t\t\t\t<\/li>\n\t\t\t\t\t\t<\/ul>\n\t\t\t\t\t\t<\/div>\n\t\t\t\t<\/div>\n\t\t\t\t<div class=\"elementor-element elementor-element-69ff0f95 elementor-widget elementor-widget-text-editor\" data-id=\"69ff0f95\" data-element_type=\"widget\" data-e-type=\"widget\" data-widget_type=\"text-editor.default\">\n\t\t\t\t<div class=\"elementor-widget-container\">\n\t\t\t\t\t\t\t\t\t<p>Les machines \u00e0 laver et s\u00e8che-linge modernes et performants de La Box 7\/7 sont con\u00e7us pour \u00eatre simples \u00e0 utiliser.<\/p>\t\t\t\t\t\t\t\t<\/div>\n\t\t\t\t<\/div>\n\t\t\t\t\t<\/div>\n\t\t<\/div>\n\t\t\t\t\t<\/div>\n\t\t<\/section>\n\t\t\t\t<div class=\"elementor-element elementor-element-5bfb119d elementor-widget-divider--view-line elementor-widget elementor-widget-divider\" data-id=\"5bfb119d\" data-element_type=\"widget\" data-e-type=\"widget\" data-widget_type=\"divider.default\">\n\t\t\t\t<div class=\"elementor-widget-container\">\n\t\t\t\t\t\t\t<div class=\"elementor-divider\">\n\t\t\t<span class=\"elementor-divider-separator\">\n\t\t\t\t\t\t<\/span>\n\t\t<\/div>\n\t\t\t\t\t\t<\/div>\n\t\t\t\t<\/div>\n\t\t\t\t<div class=\"elementor-element elementor-element-184978a9 elementor-widget elementor-widget-jkit_button\" data-id=\"184978a9\" data-element_type=\"widget\" data-e-type=\"widget\" data-widget_type=\"jkit_button.default\">\n\t\t\t\t<div class=\"elementor-widget-container\">\n\t\t\t\t\t<div  class=\"jeg-elementor-kit jkit-button  icon-position-before jeg_module__1_6a0906300576d\" ><a href=\"https:\/\/pressingvendays.fr\/index.php\/metform-form\/contact\/\" class=\"jkit-button-wrapper\">Nous contacter<\/a><\/div>\t\t\t\t<\/div>\n\t\t\t\t<\/div>\n\t\t\t\t\t<\/div>\n\t\t<\/div>\n\t\t\t\t<div class=\"elementor-column elementor-col-50 elementor-top-column elementor-element elementor-element-351ec78a\" data-id=\"351ec78a\" data-element_type=\"column\" data-e-type=\"column\">\n\t\t\t<div class=\"elementor-widget-wrap elementor-element-populated\">\n\t\t\t\t\t\t<div class=\"elementor-element elementor-element-3a5593db elementor-widget__width-initial elementor-widget-mobile__width-initial elementor-widget elementor-widget-image\" data-id=\"3a5593db\" data-element_type=\"widget\" data-e-type=\"widget\" data-widget_type=\"image.default\">\n\t\t\t\t<div class=\"elementor-widget-container\">\n\t\t\t\t\t\t\t\t\t\t\t\t\t\t\t<img decoding=\"async\" width=\"1080\" height=\"1207\" src=\"https:\/\/pressingvendays.fr\/wp-content\/uploads\/2023\/06\/Screenshot_20230611-232250_Facebook.jpg\" class=\"attachment-full size-full wp-image-313\" alt=\"\" srcset=\"https:\/\/pressingvendays.fr\/wp-content\/uploads\/2023\/06\/Screenshot_20230611-232250_Facebook.jpg 1080w, https:\/\/pressingvendays.fr\/wp-content\/uploads\/2023\/06\/Screenshot_20230611-232250_Facebook-268x300.jpg 268w, https:\/\/pressingvendays.fr\/wp-content\/uploads\/2023\/06\/Screenshot_20230611-232250_Facebook-916x1024.jpg 916w, https:\/\/pressingvendays.fr\/wp-content\/uploads\/2023\/06\/Screenshot_20230611-232250_Facebook-768x858.jpg 768w\" sizes=\"(max-width: 1080px) 100vw, 1080px\" \/>\t\t\t\t\t\t\t\t\t\t\t\t\t\t\t<\/div>\n\t\t\t\t<\/div>\n\t\t\t\t\t<\/div>\n\t\t<\/div>\n\t\t\t\t\t<\/div>\n\t\t<\/section>\n\t\t\t\t<section class=\"elementor-section elementor-top-section elementor-element elementor-element-59070406 elementor-section-content-middle elementor-section-boxed elementor-section-height-default elementor-section-height-default\" data-id=\"59070406\" data-element_type=\"section\" data-e-type=\"section\" data-settings=\"{&quot;background_background&quot;:&quot;classic&quot;}\">\n\t\t\t\t\t\t\t<div class=\"elementor-background-overlay\"><\/div>\n\t\t\t\t\t\t\t<div class=\"elementor-container elementor-column-gap-default\">\n\t\t\t\t\t<div class=\"elementor-column elementor-col-50 elementor-top-column elementor-element elementor-element-36054277\" data-id=\"36054277\" data-element_type=\"column\" data-e-type=\"column\">\n\t\t\t<div class=\"elementor-widget-wrap elementor-element-populated\">\n\t\t\t\t\t\t<div class=\"elementor-element elementor-element-2e3ca864 elementor-widget elementor-widget-heading\" data-id=\"2e3ca864\" data-element_type=\"widget\" data-e-type=\"widget\" data-widget_type=\"heading.default\">\n\t\t\t\t<div class=\"elementor-widget-container\">\n\t\t\t\t\t<h2 class=\"elementor-heading-title elementor-size-default\">Libert\u00e9 de lavage, \u00e0 votre convenance<\/h2>\t\t\t\t<\/div>\n\t\t\t\t<\/div>\n\t\t\t\t<div class=\"elementor-element elementor-element-3dcb9d70 elementor-widget elementor-widget-text-editor\" data-id=\"3dcb9d70\" data-element_type=\"widget\" data-e-type=\"widget\" data-widget_type=\"text-editor.default\">\n\t\t\t\t<div class=\"elementor-widget-container\">\n\t\t\t\t\t\t\t\t\t<p>Avec La Box 7\/7, vous avez le contr\u00f4le total de votre routine de lavage. Notre espace de libre-service vous permet de laver et s\u00e9cher votre linge quand vous le souhaitez, sans contraintes de temps ou d&#8217;horaire. Vous \u00eates libre de choisir le moment qui vous convient le mieux pour effectuer cette t\u00e2che essentielle, que ce soit en semaine, le week-end ou m\u00eame en soir\u00e9e.<\/p>\t\t\t\t\t\t\t\t<\/div>\n\t\t\t\t<\/div>\n\t\t\t\t\t<\/div>\n\t\t<\/div>\n\t\t\t\t<div class=\"elementor-column elementor-col-50 elementor-top-column elementor-element elementor-element-fc26fc9\" data-id=\"fc26fc9\" data-element_type=\"column\" data-e-type=\"column\">\n\t\t\t<div class=\"elementor-widget-wrap\">\n\t\t\t\t\t\t\t<\/div>\n\t\t<\/div>\n\t\t\t\t\t<\/div>\n\t\t<\/section>\n\t\t\t\t<section class=\"elementor-section elementor-top-section elementor-element elementor-element-e3549c1 elementor-section-boxed elementor-section-height-default elementor-section-height-default\" data-id=\"e3549c1\" data-element_type=\"section\" data-e-type=\"section\" data-settings=\"{&quot;background_background&quot;:&quot;classic&quot;}\">\n\t\t\t\t\t\t<div class=\"elementor-container elementor-column-gap-default\">\n\t\t\t\t\t<div class=\"elementor-column elementor-col-100 elementor-top-column elementor-element elementor-element-5567529e\" data-id=\"5567529e\" data-element_type=\"column\" data-e-type=\"column\">\n\t\t\t<div class=\"elementor-widget-wrap elementor-element-populated\">\n\t\t\t\t\t\t<div class=\"elementor-element elementor-element-233b03cc elementor-widget__width-auto jkit-equal-height-disable elementor-widget elementor-widget-jkit_icon_box\" data-id=\"233b03cc\" data-element_type=\"widget\" data-e-type=\"widget\" data-widget_type=\"jkit_icon_box.default\">\n\t\t\t\t<div class=\"elementor-widget-container\">\n\t\t\t\t\t<div  class=\"jeg-elementor-kit jkit-icon-box icon-position-left elementor-animation- jeg_module__2_6a09063006a18\" ><div class=\"jkit-icon-box-wrapper hover-from-left\"><div class=\"icon-box icon-box-header elementor-animation-\"><div class=\"icon style-color\"><img decoding=\"async\" width=\"981\" height=\"933\" src=\"https:\/\/pressingvendays.fr\/wp-content\/uploads\/2023\/06\/Asset-B-2.png\" class=\"attachment-full size-full\" alt=\"\u00c9quipements\" url=\"https:\/\/pressingvendays.fr\/wp-content\/uploads\/2023\/06\/Asset-B-2.png\" srcset=\"https:\/\/pressingvendays.fr\/wp-content\/uploads\/2023\/06\/Asset-B-2.png 981w, https:\/\/pressingvendays.fr\/wp-content\/uploads\/2023\/06\/Asset-B-2-300x285.png 300w, https:\/\/pressingvendays.fr\/wp-content\/uploads\/2023\/06\/Asset-B-2-768x730.png 768w\" sizes=\"(max-width: 981px) 100vw, 981px\" \/><\/div><\/div><div class=\"icon-box icon-box-body\">\n                <h2 class=\"title\">\u00c9quipements<\/h2>\n            <\/div>\n            \n            <\/div><\/div>\t\t\t\t<\/div>\n\t\t\t\t<\/div>\n\t\t\t\t<div class=\"elementor-element elementor-element-25b42c37 elementor-widget elementor-widget-jkit_heading\" data-id=\"25b42c37\" data-element_type=\"widget\" data-e-type=\"widget\" data-widget_type=\"jkit_heading.default\">\n\t\t\t\t<div class=\"elementor-widget-container\">\n\t\t\t\t\t<div  class=\"jeg-elementor-kit jkit-heading  align-center align-tablet- align-mobile- jeg_module__3_6a09063008f46\" ><div class=\"heading-section-title  display-inline-block\"><h2 class=\"heading-title\">Des \u00e9quipements modernes et performants<\/h2><\/div><div class=\"heading-section-description\"><p>La Box 7\/7 est \u00e9quip\u00e9e de machines \u00e0 laver et s\u00e8che-linge de derni\u00e8re g\u00e9n\u00e9ration, garantissant des r\u00e9sultats de lavage optimaux. Nos \u00e9quipements modernes sont faciles \u00e0 utiliser et offrent diff\u00e9rentes options de programmation pour s'adapter \u00e0 vos besoins sp\u00e9cifiques. Que vous ayez une petite charge de linge ou une lessive plus importante, nos machines efficaces vous offrent des performances fiables pour un linge propre et frais \u00e0 chaque fois.<\/p><\/div><\/div>\t\t\t\t<\/div>\n\t\t\t\t<\/div>\n\t\t\t\t\t<\/div>\n\t\t<\/div>\n\t\t\t\t\t<\/div>\n\t\t<\/section>\n\t\t\t\t<section class=\"elementor-section elementor-top-section elementor-element elementor-element-3d21f8c elementor-section-content-middle elementor-section-boxed elementor-section-height-default elementor-section-height-default\" data-id=\"3d21f8c\" data-element_type=\"section\" data-e-type=\"section\" data-settings=\"{&quot;background_background&quot;:&quot;classic&quot;,&quot;shape_divider_bottom&quot;:&quot;mountains&quot;}\">\n\t\t\t\t\t<div class=\"elementor-shape elementor-shape-bottom\" aria-hidden=\"true\" data-negative=\"false\">\n\t\t\t<svg xmlns=\"http:\/\/www.w3.org\/2000\/svg\" viewBox=\"0 0 1000 100\" preserveAspectRatio=\"none\">\n\t<path class=\"elementor-shape-fill\" opacity=\"0.33\" d=\"M473,67.3c-203.9,88.3-263.1-34-320.3,0C66,119.1,0,59.7,0,59.7V0h1000v59.7 c0,0-62.1,26.1-94.9,29.3c-32.8,3.3-62.8-12.3-75.8-22.1C806,49.6,745.3,8.7,694.9,4.7S492.4,59,473,67.3z\"\/>\n\t<path class=\"elementor-shape-fill\" opacity=\"0.66\" d=\"M734,67.3c-45.5,0-77.2-23.2-129.1-39.1c-28.6-8.7-150.3-10.1-254,39.1 s-91.7-34.4-149.2,0C115.7,118.3,0,39.8,0,39.8V0h1000v36.5c0,0-28.2-18.5-92.1-18.5C810.2,18.1,775.7,67.3,734,67.3z\"\/>\n\t<path class=\"elementor-shape-fill\" d=\"M766.1,28.9c-200-57.5-266,65.5-395.1,19.5C242,1.8,242,5.4,184.8,20.6C128,35.8,132.3,44.9,89.9,52.5C28.6,63.7,0,0,0,0 h1000c0,0-9.9,40.9-83.6,48.1S829.6,47,766.1,28.9z\"\/>\n<\/svg>\t\t<\/div>\n\t\t\t\t\t<div class=\"elementor-container elementor-column-gap-default\">\n\t\t\t\t\t<div class=\"elementor-column elementor-col-50 elementor-top-column elementor-element elementor-element-c2cd6b6\" data-id=\"c2cd6b6\" data-element_type=\"column\" data-e-type=\"column\">\n\t\t\t<div class=\"elementor-widget-wrap elementor-element-populated\">\n\t\t\t\t\t\t<div class=\"elementor-element elementor-element-11ccccb elementor-widget__width-initial elementor-widget elementor-widget-google_maps\" data-id=\"11ccccb\" data-element_type=\"widget\" data-e-type=\"widget\" data-widget_type=\"google_maps.default\">\n\t\t\t\t<div class=\"elementor-widget-container\">\n\t\t\t\t\t\t\t<div class=\"elementor-custom-embed\">\n\t\t\t<iframe loading=\"lazy\"\n\t\t\t\t\tsrc=\"https:\/\/maps.google.com\/maps?q=1%20avenue%20de%20l%27Europe%20%C3%A0%20Vendays-Montalivet&#038;t=m&#038;z=15&#038;output=embed&#038;iwloc=near\"\n\t\t\t\t\ttitle=\"1 avenue de l&#039;Europe \u00e0 Vendays-Montalivet\"\n\t\t\t\t\taria-label=\"1 avenue de l&#039;Europe \u00e0 Vendays-Montalivet\"\n\t\t\t><\/iframe>\n\t\t<\/div>\n\t\t\t\t\t\t<\/div>\n\t\t\t\t<\/div>\n\t\t\t\t\t<\/div>\n\t\t<\/div>\n\t\t\t\t<div class=\"elementor-column elementor-col-50 elementor-top-column elementor-element elementor-element-43cdff1\" data-id=\"43cdff1\" data-element_type=\"column\" data-e-type=\"column\">\n\t\t\t<div class=\"elementor-widget-wrap elementor-element-populated\">\n\t\t\t\t\t\t<div class=\"elementor-element elementor-element-31855a9 elementor-widget__width-auto jkit-equal-height-disable elementor-widget elementor-widget-jkit_icon_box\" data-id=\"31855a9\" data-element_type=\"widget\" data-e-type=\"widget\" data-widget_type=\"jkit_icon_box.default\">\n\t\t\t\t<div class=\"elementor-widget-container\">\n\t\t\t\t\t<div  class=\"jeg-elementor-kit jkit-icon-box icon-position-left elementor-animation- jeg_module__4_6a09063009d2f\" ><div class=\"jkit-icon-box-wrapper hover-from-left\"><div class=\"icon-box icon-box-header elementor-animation-\"><div class=\"icon style-color\"><img fetchpriority=\"high\" decoding=\"async\" width=\"981\" height=\"933\" src=\"https:\/\/pressingvendays.fr\/wp-content\/uploads\/2023\/06\/Asset-3.png\" class=\"attachment-full size-full\" alt=\"Libre service\" url=\"https:\/\/pressingvendays.fr\/wp-content\/uploads\/2023\/06\/Asset-3.png\" srcset=\"https:\/\/pressingvendays.fr\/wp-content\/uploads\/2023\/06\/Asset-3.png 981w, https:\/\/pressingvendays.fr\/wp-content\/uploads\/2023\/06\/Asset-3-300x285.png 300w, https:\/\/pressingvendays.fr\/wp-content\/uploads\/2023\/06\/Asset-3-768x730.png 768w\" sizes=\"(max-width: 981px) 100vw, 981px\" \/><\/div><\/div><div class=\"icon-box icon-box-body\">\n                <h2 class=\"title\">Libre service<\/h2>\n            <\/div>\n            \n            <\/div><\/div>\t\t\t\t<\/div>\n\t\t\t\t<\/div>\n\t\t\t\t<div class=\"elementor-element elementor-element-5e3d585 elementor-widget elementor-widget-heading\" data-id=\"5e3d585\" data-element_type=\"widget\" data-e-type=\"widget\" data-widget_type=\"heading.default\">\n\t\t\t\t<div class=\"elementor-widget-container\">\n\t\t\t\t\t<h2 class=\"elementor-heading-title elementor-size-default\">Simplicit\u00e9 et praticit\u00e9<\/h2>\t\t\t\t<\/div>\n\t\t\t\t<\/div>\n\t\t\t\t<div class=\"elementor-element elementor-element-b4843bb elementor-widget elementor-widget-text-editor\" data-id=\"b4843bb\" data-element_type=\"widget\" data-e-type=\"widget\" data-widget_type=\"text-editor.default\">\n\t\t\t\t<div class=\"elementor-widget-container\">\n\t\t\t\t\t\t\t\t\t<p>Nous avons con\u00e7u La Box 7\/7 avec votre confort \u00e0 l&#8217;esprit. Notre espace de lavage libre-service est facile d&#8217;acc\u00e8s, situ\u00e9 sur un parking au 1 avenue de l&#8217;Europe \u00e0 Vendays-Montalivet. Vous n&#8217;avez pas besoin de vous soucier des r\u00e9servations ou des files d&#8217;attente, il vous suffit d&#8217;apporter votre linge et de profiter de l&#8217;autonomie offerte par nos installations. C&#8217;est l&#8217;option id\u00e9ale pour les personnes en d\u00e9placement ou celles qui pr\u00e9f\u00e8rent g\u00e9rer leur routine de lavage de mani\u00e8re ind\u00e9pendante.<\/p>\t\t\t\t\t\t\t\t<\/div>\n\t\t\t\t<\/div>\n\t\t\t\t\t<\/div>\n\t\t<\/div>\n\t\t\t\t\t<\/div>\n\t\t<\/section>\n\t\t\t\t<\/div>\n\t\t","protected":false},"excerpt":{"rendered":"<p>La Box 7\/7 : Votre solution pratique de lavage libre-service Accueil La box 7\/7 Libre service La Box 7\/7 : Votre solution pratique de lavage libre-service D\u00e9couvrez La Box 7\/7, notre solution de lavage libre-service situ\u00e9e au 1 avenue de l&#8217;Europe \u00e0 Vendays-Montalivet. Dans ce conteneur pratique, vous trouverez plusieurs machines \u00e0 laver et s\u00e8che-linge [&hellip;]<\/p>\n","protected":false},"author":1,"featured_media":313,"parent":0,"menu_order":0,"comment_status":"closed","ping_status":"closed","template":"","meta":{"footnotes":""},"class_list":["post-120","page","type-page","status-publish","has-post-thumbnail","hentry"],"_links":{"self":[{"href":"https:\/\/pressingvendays.fr\/index.php\/wp-json\/wp\/v2\/pages\/120","targetHints":{"allow":["GET"]}}],"collection":[{"href":"https:\/\/pressingvendays.fr\/index.php\/wp-json\/wp\/v2\/pages"}],"about":[{"href":"https:\/\/pressingvendays.fr\/index.php\/wp-json\/wp\/v2\/types\/page"}],"author":[{"embeddable":true,"href":"https:\/\/pressingvendays.fr\/index.php\/wp-json\/wp\/v2\/users\/1"}],"replies":[{"embeddable":true,"href":"https:\/\/pressingvendays.fr\/index.php\/wp-json\/wp\/v2\/comments?post=120"}],"version-history":[{"count":14,"href":"https:\/\/pressingvendays.fr\/index.php\/wp-json\/wp\/v2\/pages\/120\/revisions"}],"predecessor-version":[{"id":379,"href":"https:\/\/pressingvendays.fr\/index.php\/wp-json\/wp\/v2\/pages\/120\/revisions\/379"}],"wp:featuredmedia":[{"embeddable":true,"href":"https:\/\/pressingvendays.fr\/index.php\/wp-json\/wp\/v2\/media\/313"}],"wp:attachment":[{"href":"https:\/\/pressingvendays.fr\/index.php\/wp-json\/wp\/v2\/media?parent=120"}],"curies":[{"name":"wp","href":"https:\/\/api.w.org\/{rel}","templated":true}]}}