{"id":118,"date":"2023-06-05T09:59:48","date_gmt":"2023-06-05T07:59:48","guid":{"rendered":"https:\/\/pressingvendays.fr\/?page_id=118"},"modified":"2023-06-14T17:02:20","modified_gmt":"2023-06-14T15:02:20","slug":"professionnel","status":"publish","type":"page","link":"https:\/\/pressingvendays.fr\/index.php\/professionnel\/","title":{"rendered":"Professionnel"},"content":{"rendered":"\t\t<div data-elementor-type=\"wp-page\" data-elementor-id=\"118\" class=\"elementor elementor-118\" data-elementor-post-type=\"page\">\n\t\t\t\t\t\t<section class=\"elementor-section elementor-top-section elementor-element elementor-element-609bd6e4 elementor-section-content-middle elementor-section-boxed elementor-section-height-default elementor-section-height-default\" data-id=\"609bd6e4\" data-element_type=\"section\" data-e-type=\"section\" data-settings=\"{&quot;background_background&quot;:&quot;classic&quot;,&quot;shape_divider_bottom&quot;:&quot;mountains&quot;}\">\n\t\t\t\t\t\t\t<div class=\"elementor-background-overlay\"><\/div>\n\t\t\t\t\t\t<div class=\"elementor-shape elementor-shape-bottom\" aria-hidden=\"true\" data-negative=\"false\">\n\t\t\t<svg xmlns=\"http:\/\/www.w3.org\/2000\/svg\" viewBox=\"0 0 1000 100\" preserveAspectRatio=\"none\">\n\t<path class=\"elementor-shape-fill\" opacity=\"0.33\" d=\"M473,67.3c-203.9,88.3-263.1-34-320.3,0C66,119.1,0,59.7,0,59.7V0h1000v59.7 c0,0-62.1,26.1-94.9,29.3c-32.8,3.3-62.8-12.3-75.8-22.1C806,49.6,745.3,8.7,694.9,4.7S492.4,59,473,67.3z\"\/>\n\t<path class=\"elementor-shape-fill\" opacity=\"0.66\" d=\"M734,67.3c-45.5,0-77.2-23.2-129.1-39.1c-28.6-8.7-150.3-10.1-254,39.1 s-91.7-34.4-149.2,0C115.7,118.3,0,39.8,0,39.8V0h1000v36.5c0,0-28.2-18.5-92.1-18.5C810.2,18.1,775.7,67.3,734,67.3z\"\/>\n\t<path class=\"elementor-shape-fill\" d=\"M766.1,28.9c-200-57.5-266,65.5-395.1,19.5C242,1.8,242,5.4,184.8,20.6C128,35.8,132.3,44.9,89.9,52.5C28.6,63.7,0,0,0,0 h1000c0,0-9.9,40.9-83.6,48.1S829.6,47,766.1,28.9z\"\/>\n<\/svg>\t\t<\/div>\n\t\t\t\t\t<div class=\"elementor-container elementor-column-gap-default\">\n\t\t\t\t\t<div class=\"elementor-column elementor-col-50 elementor-top-column elementor-element elementor-element-299c9b7a\" data-id=\"299c9b7a\" data-element_type=\"column\" data-e-type=\"column\">\n\t\t\t<div class=\"elementor-widget-wrap elementor-element-populated\">\n\t\t\t\t\t\t<div class=\"elementor-element elementor-element-3cca9fc elementor-widget elementor-widget-heading\" data-id=\"3cca9fc\" data-element_type=\"widget\" data-e-type=\"widget\" data-widget_type=\"heading.default\">\n\t\t\t\t<div class=\"elementor-widget-container\">\n\t\t\t\t\t<h2 class=\"elementor-heading-title elementor-size-default\">Nos services pour les professionnels <\/h2>\t\t\t\t<\/div>\n\t\t\t\t<\/div>\n\t\t\t\t\t<\/div>\n\t\t<\/div>\n\t\t\t\t<div class=\"elementor-column elementor-col-50 elementor-top-column elementor-element elementor-element-31026962\" data-id=\"31026962\" data-element_type=\"column\" data-e-type=\"column\">\n\t\t\t<div class=\"elementor-widget-wrap elementor-element-populated\">\n\t\t\t\t\t\t<div class=\"elementor-element elementor-element-5b453426 elementor-align-center elementor-icon-list--layout-inline elementor-mobile-align-center elementor-widget__width-auto elementor-list-item-link-full_width elementor-widget elementor-widget-icon-list\" data-id=\"5b453426\" data-element_type=\"widget\" data-e-type=\"widget\" data-widget_type=\"icon-list.default\">\n\t\t\t\t<div class=\"elementor-widget-container\">\n\t\t\t\t\t\t\t<ul class=\"elementor-icon-list-items elementor-inline-items\">\n\t\t\t\t\t\t\t<li class=\"elementor-icon-list-item elementor-inline-item\">\n\t\t\t\t\t\t\t\t\t\t\t<a href=\"https:\/\/pressingvendays.fr\/\">\n\n\t\t\t\t\t\t\t\t\t\t\t<span class=\"elementor-icon-list-text\">Accueil<\/span>\n\t\t\t\t\t\t\t\t\t\t\t<\/a>\n\t\t\t\t\t\t\t\t\t<\/li>\n\t\t\t\t\t\t\t\t<li class=\"elementor-icon-list-item elementor-inline-item\">\n\t\t\t\t\t\t\t\t\t\t\t<span class=\"elementor-icon-list-icon\">\n\t\t\t\t\t\t\t<i aria-hidden=\"true\" class=\"fas fa-chevron-right\"><\/i>\t\t\t\t\t\t<\/span>\n\t\t\t\t\t\t\t\t\t\t<span class=\"elementor-icon-list-text\">Professionnel<\/span>\n\t\t\t\t\t\t\t\t\t<\/li>\n\t\t\t\t\t\t<\/ul>\n\t\t\t\t\t\t<\/div>\n\t\t\t\t<\/div>\n\t\t\t\t\t<\/div>\n\t\t<\/div>\n\t\t\t\t\t<\/div>\n\t\t<\/section>\n\t\t\t\t<section class=\"elementor-section elementor-top-section elementor-element elementor-element-6cc9b27d elementor-section-content-middle elementor-section-boxed elementor-section-height-default elementor-section-height-default\" data-id=\"6cc9b27d\" data-element_type=\"section\" data-e-type=\"section\" data-settings=\"{&quot;background_background&quot;:&quot;classic&quot;}\">\n\t\t\t\t\t\t<div class=\"elementor-container elementor-column-gap-default\">\n\t\t\t\t\t<div class=\"elementor-column elementor-col-50 elementor-top-column elementor-element elementor-element-2ac92f88\" data-id=\"2ac92f88\" data-element_type=\"column\" data-e-type=\"column\">\n\t\t\t<div class=\"elementor-widget-wrap elementor-element-populated\">\n\t\t\t\t\t\t<div class=\"elementor-element elementor-element-30f9e19c elementor-widget__width-auto jkit-equal-height-disable elementor-widget elementor-widget-jkit_icon_box\" data-id=\"30f9e19c\" data-element_type=\"widget\" data-e-type=\"widget\" data-widget_type=\"jkit_icon_box.default\">\n\t\t\t\t<div class=\"elementor-widget-container\">\n\t\t\t\t\t<div  class=\"jeg-elementor-kit jkit-icon-box icon-position-left elementor-animation- jeg_module___6a0904a74e3d5\" ><div class=\"jkit-icon-box-wrapper hover-from-left\"><div class=\"icon-box icon-box-header elementor-animation-\"><div class=\"icon style-color\"><img fetchpriority=\"high\" decoding=\"async\" width=\"981\" height=\"933\" src=\"https:\/\/pressingvendays.fr\/wp-content\/uploads\/2023\/06\/Asset-3.png\" class=\"attachment-full size-full\" alt=\"Service\" url=\"https:\/\/pressingvendays.fr\/wp-content\/uploads\/2023\/06\/Asset-3.png\" srcset=\"https:\/\/pressingvendays.fr\/wp-content\/uploads\/2023\/06\/Asset-3.png 981w, https:\/\/pressingvendays.fr\/wp-content\/uploads\/2023\/06\/Asset-3-300x285.png 300w, https:\/\/pressingvendays.fr\/wp-content\/uploads\/2023\/06\/Asset-3-768x730.png 768w\" sizes=\"(max-width: 981px) 100vw, 981px\" \/><\/div><\/div><div class=\"icon-box icon-box-body\">\n                <h2 class=\"title\">Service<\/h2>\n            <\/div>\n            \n            <\/div><\/div>\t\t\t\t<\/div>\n\t\t\t\t<\/div>\n\t\t\t\t<div class=\"elementor-element elementor-element-33f9ddee elementor-widget elementor-widget-heading\" data-id=\"33f9ddee\" data-element_type=\"widget\" data-e-type=\"widget\" data-widget_type=\"heading.default\">\n\t\t\t\t<div class=\"elementor-widget-container\">\n\t\t\t\t\t<h2 class=\"elementor-heading-title elementor-size-default\">Un partenariat de confiance avec l'h\u00f4tellerie et les campings<\/h2>\t\t\t\t<\/div>\n\t\t\t\t<\/div>\n\t\t\t\t<div class=\"elementor-element elementor-element-364d9bbf elementor-widget elementor-widget-text-editor\" data-id=\"364d9bbf\" data-element_type=\"widget\" data-e-type=\"widget\" data-widget_type=\"text-editor.default\">\n\t\t\t\t<div class=\"elementor-widget-container\">\n\t\t\t\t\t\t\t\t\t<p>nous sommes fiers d&#8217;\u00e9tablir des partenariats solides avec des professionnels de l&#8217;h\u00f4tellerie et des campings. Gr\u00e2ce \u00e0 notre expertise et \u00e0 nos solutions de nettoyage sur mesure, nous assurons l&#8217;entretien impeccable des textiles de ces \u00e9tablissements, garantissant une satisfaction totale des clients. Notre engagement envers la qualit\u00e9 et notre approche personnalis\u00e9e font de nous le choix privil\u00e9gi\u00e9 des professionnels du secteur, qui appr\u00e9cient notre fiabilit\u00e9 et notre souci du d\u00e9tail. Faites confiance \u00e0 notre partenariat de confiance pour r\u00e9pondre \u00e0 tous vos besoins en mati\u00e8re de pressing et d&#8217;entretien du linge.<\/p>\t\t\t\t\t\t\t\t<\/div>\n\t\t\t\t<\/div>\n\t\t\t\t<div class=\"elementor-element elementor-element-1fe0a34b elementor-widget elementor-widget-jkit_button\" data-id=\"1fe0a34b\" data-element_type=\"widget\" data-e-type=\"widget\" data-widget_type=\"jkit_button.default\">\n\t\t\t\t<div class=\"elementor-widget-container\">\n\t\t\t\t\t<div  class=\"jeg-elementor-kit jkit-button  icon-position-before jeg_module__1_6a0904a751d7d\" ><a href=\"https:\/\/pressingvendays.fr\/index.php\/metform-form\/contact\/\" class=\"jkit-button-wrapper\">Nous contacter<\/a><\/div>\t\t\t\t<\/div>\n\t\t\t\t<\/div>\n\t\t\t\t\t<\/div>\n\t\t<\/div>\n\t\t\t\t<div class=\"elementor-column elementor-col-50 elementor-top-column elementor-element elementor-element-353b7e46\" data-id=\"353b7e46\" data-element_type=\"column\" data-e-type=\"column\">\n\t\t\t<div class=\"elementor-widget-wrap elementor-element-populated\">\n\t\t\t\t\t\t<div class=\"elementor-element elementor-element-3e12314f elementor-widget__width-initial elementor-widget-mobile__width-initial elementor-widget elementor-widget-image\" data-id=\"3e12314f\" data-element_type=\"widget\" data-e-type=\"widget\" data-widget_type=\"image.default\">\n\t\t\t\t<div class=\"elementor-widget-container\">\n\t\t\t\t\t\t\t\t\t\t\t\t\t\t\t<img decoding=\"async\" width=\"1024\" height=\"768\" src=\"https:\/\/pressingvendays.fr\/wp-content\/uploads\/2023\/06\/0072f3edefd1431b86afc6e04e15d741-1920w.webp\" class=\"attachment-full size-full wp-image-327\" alt=\"\" srcset=\"https:\/\/pressingvendays.fr\/wp-content\/uploads\/2023\/06\/0072f3edefd1431b86afc6e04e15d741-1920w.webp 1024w, https:\/\/pressingvendays.fr\/wp-content\/uploads\/2023\/06\/0072f3edefd1431b86afc6e04e15d741-1920w-300x225.webp 300w, https:\/\/pressingvendays.fr\/wp-content\/uploads\/2023\/06\/0072f3edefd1431b86afc6e04e15d741-1920w-768x576.webp 768w\" sizes=\"(max-width: 1024px) 100vw, 1024px\" \/>\t\t\t\t\t\t\t\t\t\t\t\t\t\t\t<\/div>\n\t\t\t\t<\/div>\n\t\t\t\t\t<\/div>\n\t\t<\/div>\n\t\t\t\t\t<\/div>\n\t\t<\/section>\n\t\t\t\t<section class=\"elementor-section elementor-top-section elementor-element elementor-element-6b0db1d0 elementor-section-content-middle elementor-section-boxed elementor-section-height-default elementor-section-height-default\" data-id=\"6b0db1d0\" data-element_type=\"section\" data-e-type=\"section\" data-settings=\"{&quot;background_background&quot;:&quot;classic&quot;}\">\n\t\t\t\t\t\t\t<div class=\"elementor-background-overlay\"><\/div>\n\t\t\t\t\t\t\t<div class=\"elementor-container elementor-column-gap-default\">\n\t\t\t\t\t<div class=\"elementor-column elementor-col-50 elementor-top-column elementor-element elementor-element-3a795125\" data-id=\"3a795125\" data-element_type=\"column\" data-e-type=\"column\">\n\t\t\t<div class=\"elementor-widget-wrap elementor-element-populated\">\n\t\t\t\t\t\t<div class=\"elementor-element elementor-element-230cf618 elementor-widget elementor-widget-heading\" data-id=\"230cf618\" data-element_type=\"widget\" data-e-type=\"widget\" data-widget_type=\"heading.default\">\n\t\t\t\t<div class=\"elementor-widget-container\">\n\t\t\t\t\t<h2 class=\"elementor-heading-title elementor-size-default\">Un service pour les pros<\/h2>\t\t\t\t<\/div>\n\t\t\t\t<\/div>\n\t\t\t\t<div class=\"elementor-element elementor-element-21ddf37b elementor-widget elementor-widget-text-editor\" data-id=\"21ddf37b\" data-element_type=\"widget\" data-e-type=\"widget\" data-widget_type=\"text-editor.default\">\n\t\t\t\t<div class=\"elementor-widget-container\">\n\t\t\t\t\t\t\t\t\t<p>Pour nos partenaires professionnels, nous proposons une prise en charge compl\u00e8te de leur linge. De la collecte \u00e0 la livraison, notre \u00e9quipe assure un nettoyage de qualit\u00e9 sup\u00e9rieure avec des solutions adapt\u00e9es, garantissant une propret\u00e9 irr\u00e9prochable pour satisfaire les exigences \u00e9lev\u00e9es du secteur de l&#8217;h\u00f4tellerie et des campings.<\/p>\t\t\t\t\t\t\t\t<\/div>\n\t\t\t\t<\/div>\n\t\t\t\t\t<\/div>\n\t\t<\/div>\n\t\t\t\t<div class=\"elementor-column elementor-col-50 elementor-top-column elementor-element elementor-element-4e7a1528\" data-id=\"4e7a1528\" data-element_type=\"column\" data-e-type=\"column\">\n\t\t\t<div class=\"elementor-widget-wrap\">\n\t\t\t\t\t\t\t<\/div>\n\t\t<\/div>\n\t\t\t\t\t<\/div>\n\t\t<\/section>\n\t\t\t\t<section class=\"elementor-section elementor-top-section elementor-element elementor-element-722803a8 elementor-section-boxed elementor-section-height-default elementor-section-height-default\" data-id=\"722803a8\" data-element_type=\"section\" data-e-type=\"section\">\n\t\t\t\t\t\t<div class=\"elementor-container elementor-column-gap-default\">\n\t\t\t\t\t<div class=\"elementor-column elementor-col-100 elementor-top-column elementor-element elementor-element-3f53f226\" data-id=\"3f53f226\" data-element_type=\"column\" data-e-type=\"column\">\n\t\t\t<div class=\"elementor-widget-wrap elementor-element-populated\">\n\t\t\t\t\t\t<section class=\"elementor-section elementor-inner-section elementor-element elementor-element-41459d6f elementor-section-boxed elementor-section-height-default elementor-section-height-default\" data-id=\"41459d6f\" data-element_type=\"section\" data-e-type=\"section\" data-settings=\"{&quot;background_background&quot;:&quot;classic&quot;}\">\n\t\t\t\t\t\t\t<div class=\"elementor-background-overlay\"><\/div>\n\t\t\t\t\t\t\t<div class=\"elementor-container elementor-column-gap-no\">\n\t\t\t\t\t<div class=\"elementor-column elementor-col-25 elementor-inner-column elementor-element elementor-element-567ca7c7\" data-id=\"567ca7c7\" data-element_type=\"column\" data-e-type=\"column\">\n\t\t\t<div class=\"elementor-widget-wrap elementor-element-populated\">\n\t\t\t\t\t\t<div class=\"elementor-element elementor-element-144b3504 elementor-widget elementor-widget-jkit_fun_fact\" data-id=\"144b3504\" data-element_type=\"widget\" data-e-type=\"widget\" data-widget_type=\"jkit_fun_fact.default\">\n\t\t\t\t<div class=\"elementor-widget-container\">\n\t\t\t\t\t<div  class=\"jeg-elementor-kit jkit-fun-fact align-center hover-from-left elementor-animation- jeg_module__2_6a0904a755b1d\" ><div class=fun-fact-inner>\n            <div class=\"content\">\n                <div class=\"number-wrapper\"><span class=\"prefix\"><\/span>\n        <span class=\"number\" data-value=\"3\" data-animation-duration=\"3500\">0<\/span>\n        <span class=\"suffix\"><\/span><sup class=\"super\">+<\/sup><\/div>\n                <span class=\"title\">Lieux de d\u00e9p\u00f4t<\/span>\n            <\/div>\n        <\/div><\/div>\t\t\t\t<\/div>\n\t\t\t\t<\/div>\n\t\t\t\t\t<\/div>\n\t\t<\/div>\n\t\t\t\t<div class=\"elementor-column elementor-col-25 elementor-inner-column elementor-element elementor-element-304eebb7\" data-id=\"304eebb7\" data-element_type=\"column\" data-e-type=\"column\">\n\t\t\t<div class=\"elementor-widget-wrap elementor-element-populated\">\n\t\t\t\t\t\t<div class=\"elementor-element elementor-element-709b155 elementor-widget elementor-widget-jkit_fun_fact\" data-id=\"709b155\" data-element_type=\"widget\" data-e-type=\"widget\" data-widget_type=\"jkit_fun_fact.default\">\n\t\t\t\t<div class=\"elementor-widget-container\">\n\t\t\t\t\t<div  class=\"jeg-elementor-kit jkit-fun-fact align-center hover-from-left elementor-animation- jeg_module__3_6a0904a7569e8\" ><div class=fun-fact-inner>\n            <div class=\"content\">\n                <div class=\"number-wrapper\"><span class=\"prefix\"><\/span>\n        <span class=\"number\" data-value=\"9\" data-animation-duration=\"3500\">0<\/span>\n        <span class=\"suffix\"><\/span><sup class=\"super\">+<\/sup><\/div>\n                <span class=\"title\">Ans d&#039;exp\u00e9rience<\/span>\n            <\/div>\n        <\/div><\/div>\t\t\t\t<\/div>\n\t\t\t\t<\/div>\n\t\t\t\t\t<\/div>\n\t\t<\/div>\n\t\t\t\t<div class=\"elementor-column elementor-col-25 elementor-inner-column elementor-element elementor-element-52b3990b\" data-id=\"52b3990b\" data-element_type=\"column\" data-e-type=\"column\">\n\t\t\t<div class=\"elementor-widget-wrap elementor-element-populated\">\n\t\t\t\t\t\t<div class=\"elementor-element elementor-element-1ce03b00 elementor-widget elementor-widget-jkit_fun_fact\" data-id=\"1ce03b00\" data-element_type=\"widget\" data-e-type=\"widget\" data-widget_type=\"jkit_fun_fact.default\">\n\t\t\t\t<div class=\"elementor-widget-container\">\n\t\t\t\t\t<div  class=\"jeg-elementor-kit jkit-fun-fact align-center hover-from-left elementor-animation- jeg_module__4_6a0904a757972\" ><div class=fun-fact-inner>\n            <div class=\"content\">\n                <div class=\"number-wrapper\"><span class=\"prefix\"><\/span>\n        <span class=\"number\" data-value=\"50\" data-animation-duration=\"3500\">0<\/span>\n        <span class=\"suffix\"><\/span><sup class=\"super\">+<\/sup><\/div>\n                <span class=\"title\">Clients satisfaits<\/span>\n            <\/div>\n        <\/div><\/div>\t\t\t\t<\/div>\n\t\t\t\t<\/div>\n\t\t\t\t\t<\/div>\n\t\t<\/div>\n\t\t\t\t<div class=\"elementor-column elementor-col-25 elementor-inner-column elementor-element elementor-element-68ff9837\" data-id=\"68ff9837\" data-element_type=\"column\" data-e-type=\"column\">\n\t\t\t<div class=\"elementor-widget-wrap elementor-element-populated\">\n\t\t\t\t\t\t<div class=\"elementor-element elementor-element-2a10bd53 elementor-widget elementor-widget-jkit_fun_fact\" data-id=\"2a10bd53\" data-element_type=\"widget\" data-e-type=\"widget\" data-widget_type=\"jkit_fun_fact.default\">\n\t\t\t\t<div class=\"elementor-widget-container\">\n\t\t\t\t\t<div  class=\"jeg-elementor-kit jkit-fun-fact align-center hover-from-left elementor-animation- jeg_module__5_6a0904a758805\" ><div class=fun-fact-inner>\n            <div class=\"content\">\n                <div class=\"number-wrapper\"><span class=\"prefix\"><\/span>\n        <span class=\"number\" data-value=\"3\" data-animation-duration=\"3500\">0<\/span>\n        <span class=\"suffix\"><\/span><sup class=\"super\">+<\/sup><\/div>\n                <span class=\"title\">Partenaires<\/span>\n            <\/div>\n        <\/div><\/div>\t\t\t\t<\/div>\n\t\t\t\t<\/div>\n\t\t\t\t\t<\/div>\n\t\t<\/div>\n\t\t\t\t\t<\/div>\n\t\t<\/section>\n\t\t\t\t\t<\/div>\n\t\t<\/div>\n\t\t\t\t\t<\/div>\n\t\t<\/section>\n\t\t\t\t<section class=\"elementor-section elementor-top-section elementor-element elementor-element-bf0c4dd elementor-section-boxed elementor-section-height-default elementor-section-height-default\" data-id=\"bf0c4dd\" data-element_type=\"section\" data-e-type=\"section\" data-settings=\"{&quot;background_background&quot;:&quot;classic&quot;,&quot;shape_divider_bottom&quot;:&quot;mountains&quot;}\">\n\t\t\t\t\t\t\t<div class=\"elementor-background-overlay\"><\/div>\n\t\t\t\t\t\t<div class=\"elementor-shape elementor-shape-bottom\" aria-hidden=\"true\" data-negative=\"false\">\n\t\t\t<svg xmlns=\"http:\/\/www.w3.org\/2000\/svg\" viewBox=\"0 0 1000 100\" preserveAspectRatio=\"none\">\n\t<path class=\"elementor-shape-fill\" opacity=\"0.33\" d=\"M473,67.3c-203.9,88.3-263.1-34-320.3,0C66,119.1,0,59.7,0,59.7V0h1000v59.7 c0,0-62.1,26.1-94.9,29.3c-32.8,3.3-62.8-12.3-75.8-22.1C806,49.6,745.3,8.7,694.9,4.7S492.4,59,473,67.3z\"\/>\n\t<path class=\"elementor-shape-fill\" opacity=\"0.66\" d=\"M734,67.3c-45.5,0-77.2-23.2-129.1-39.1c-28.6-8.7-150.3-10.1-254,39.1 s-91.7-34.4-149.2,0C115.7,118.3,0,39.8,0,39.8V0h1000v36.5c0,0-28.2-18.5-92.1-18.5C810.2,18.1,775.7,67.3,734,67.3z\"\/>\n\t<path class=\"elementor-shape-fill\" d=\"M766.1,28.9c-200-57.5-266,65.5-395.1,19.5C242,1.8,242,5.4,184.8,20.6C128,35.8,132.3,44.9,89.9,52.5C28.6,63.7,0,0,0,0 h1000c0,0-9.9,40.9-83.6,48.1S829.6,47,766.1,28.9z\"\/>\n<\/svg>\t\t<\/div>\n\t\t\t\t\t<div class=\"elementor-container elementor-column-gap-default\">\n\t\t\t\t\t<div class=\"elementor-column elementor-col-100 elementor-top-column elementor-element elementor-element-f6911d6\" data-id=\"f6911d6\" data-element_type=\"column\" data-e-type=\"column\">\n\t\t\t<div class=\"elementor-widget-wrap elementor-element-populated\">\n\t\t\t\t\t\t<div class=\"elementor-element elementor-element-fb2f236 elementor-widget__width-auto jkit-equal-height-disable elementor-widget elementor-widget-jkit_icon_box\" data-id=\"fb2f236\" data-element_type=\"widget\" data-e-type=\"widget\" data-widget_type=\"jkit_icon_box.default\">\n\t\t\t\t<div class=\"elementor-widget-container\">\n\t\t\t\t\t<div  class=\"jeg-elementor-kit jkit-icon-box icon-position-left elementor-animation- jeg_module__6_6a0904a759d77\" ><div class=\"jkit-icon-box-wrapper hover-from-left\"><div class=\"icon-box icon-box-header elementor-animation-\"><div class=\"icon style-color\"><img decoding=\"async\" width=\"981\" height=\"933\" src=\"https:\/\/pressingvendays.fr\/wp-content\/uploads\/2023\/06\/Asset-B-2.png\" class=\"attachment-full size-full\" alt=\"Partenaires\" url=\"https:\/\/pressingvendays.fr\/wp-content\/uploads\/2023\/06\/Asset-B-2.png\" srcset=\"https:\/\/pressingvendays.fr\/wp-content\/uploads\/2023\/06\/Asset-B-2.png 981w, https:\/\/pressingvendays.fr\/wp-content\/uploads\/2023\/06\/Asset-B-2-300x285.png 300w, https:\/\/pressingvendays.fr\/wp-content\/uploads\/2023\/06\/Asset-B-2-768x730.png 768w\" sizes=\"(max-width: 981px) 100vw, 981px\" \/><\/div><\/div><div class=\"icon-box icon-box-body\">\n                <h2 class=\"title\">Partenaires<\/h2>\n            <\/div>\n            \n            <\/div><\/div>\t\t\t\t<\/div>\n\t\t\t\t<\/div>\n\t\t\t\t<div class=\"elementor-element elementor-element-b7f9617 elementor-widget elementor-widget-jkit_heading\" data-id=\"b7f9617\" data-element_type=\"widget\" data-e-type=\"widget\" data-widget_type=\"jkit_heading.default\">\n\t\t\t\t<div class=\"elementor-widget-container\">\n\t\t\t\t\t<div  class=\"jeg-elementor-kit jkit-heading  align-center align-tablet- align-mobile- jeg_module__7_6a0904a75db10\" ><div class=\"heading-section-title  display-inline-block\"><h2 class=\"heading-title\">Nos partenaires<\/h2><\/div><div class=\"heading-section-description\"><p>D\u00e9couvrez notre service de pressing d\u00e9di\u00e9 aux professionnels de l'h\u00f4tellerie et des campings. En tant que partenaire privil\u00e9gi\u00e9, nous offrons des solutions de nettoyage et d'entretien sur mesure pour r\u00e9pondre aux besoins sp\u00e9cifiques de votre \u00e9tablissement. Faites confiance \u00e0 notre expertise pour garantir des textiles impeccables et une exp\u00e9rience agr\u00e9able pour vos clients.<\/p><\/div><\/div>\t\t\t\t<\/div>\n\t\t\t\t<\/div>\n\t\t\t\t<div class=\"elementor-element elementor-element-cd6c530 elementor-widget elementor-widget-image-carousel\" data-id=\"cd6c530\" data-element_type=\"widget\" data-e-type=\"widget\" data-settings=\"{&quot;navigation&quot;:&quot;none&quot;,&quot;autoplay&quot;:&quot;yes&quot;,&quot;pause_on_hover&quot;:&quot;yes&quot;,&quot;pause_on_interaction&quot;:&quot;yes&quot;,&quot;autoplay_speed&quot;:5000,&quot;infinite&quot;:&quot;yes&quot;,&quot;speed&quot;:500}\" data-widget_type=\"image-carousel.default\">\n\t\t\t\t<div class=\"elementor-widget-container\">\n\t\t\t\t\t\t\t<div class=\"elementor-image-carousel-wrapper swiper\" role=\"region\" aria-roledescription=\"carousel\" aria-label=\"Image Carousel\" dir=\"ltr\">\n\t\t\t<div class=\"elementor-image-carousel swiper-wrapper\" aria-live=\"off\">\n\t\t\t\t\t\t\t\t<div class=\"swiper-slide\" role=\"group\" aria-roledescription=\"slide\" aria-label=\"1 of 3\"><figure class=\"swiper-slide-inner\"><img decoding=\"async\" class=\"swiper-slide-image\" src=\"https:\/\/pressingvendays.fr\/wp-content\/uploads\/2023\/06\/2ca364aee23483b2c1ded50b8a63c919-150x150.png\" alt=\"2ca364aee23483b2c1ded50b8a63c919\" \/><\/figure><\/div><div class=\"swiper-slide\" role=\"group\" aria-roledescription=\"slide\" aria-label=\"2 of 3\"><figure class=\"swiper-slide-inner\"><img decoding=\"async\" class=\"swiper-slide-image\" src=\"https:\/\/pressingvendays.fr\/wp-content\/uploads\/2023\/06\/images-150x150.png\" alt=\"images\" \/><\/figure><\/div><div class=\"swiper-slide\" role=\"group\" aria-roledescription=\"slide\" aria-label=\"3 of 3\"><figure class=\"swiper-slide-inner\"><img decoding=\"async\" class=\"swiper-slide-image\" src=\"https:\/\/pressingvendays.fr\/wp-content\/uploads\/2023\/06\/telechargement-150x150.png\" alt=\"te\u0301le\u0301chargement\" \/><\/figure><\/div>\t\t\t<\/div>\n\t\t\t\t\t\t\t\n\t\t\t\t\t\t\t\t\t<\/div>\n\t\t\t\t\t\t<\/div>\n\t\t\t\t<\/div>\n\t\t\t\t\t<\/div>\n\t\t<\/div>\n\t\t\t\t\t<\/div>\n\t\t<\/section>\n\t\t\t\t<\/div>\n\t\t","protected":false},"excerpt":{"rendered":"<p>Nos services pour les professionnels Accueil Professionnel Service Un partenariat de confiance avec l&#8217;h\u00f4tellerie et les campings nous sommes fiers d&#8217;\u00e9tablir des partenariats solides avec des professionnels de l&#8217;h\u00f4tellerie et des campings. Gr\u00e2ce \u00e0 notre expertise et \u00e0 nos solutions de nettoyage sur mesure, nous assurons l&#8217;entretien impeccable des textiles de ces \u00e9tablissements, garantissant une [&hellip;]<\/p>\n","protected":false},"author":1,"featured_media":351,"parent":0,"menu_order":0,"comment_status":"closed","ping_status":"closed","template":"","meta":{"footnotes":""},"class_list":["post-118","page","type-page","status-publish","has-post-thumbnail","hentry"],"_links":{"self":[{"href":"https:\/\/pressingvendays.fr\/index.php\/wp-json\/wp\/v2\/pages\/118","targetHints":{"allow":["GET"]}}],"collection":[{"href":"https:\/\/pressingvendays.fr\/index.php\/wp-json\/wp\/v2\/pages"}],"about":[{"href":"https:\/\/pressingvendays.fr\/index.php\/wp-json\/wp\/v2\/types\/page"}],"author":[{"embeddable":true,"href":"https:\/\/pressingvendays.fr\/index.php\/wp-json\/wp\/v2\/users\/1"}],"replies":[{"embeddable":true,"href":"https:\/\/pressingvendays.fr\/index.php\/wp-json\/wp\/v2\/comments?post=118"}],"version-history":[{"count":17,"href":"https:\/\/pressingvendays.fr\/index.php\/wp-json\/wp\/v2\/pages\/118\/revisions"}],"predecessor-version":[{"id":383,"href":"https:\/\/pressingvendays.fr\/index.php\/wp-json\/wp\/v2\/pages\/118\/revisions\/383"}],"wp:featuredmedia":[{"embeddable":true,"href":"https:\/\/pressingvendays.fr\/index.php\/wp-json\/wp\/v2\/media\/351"}],"wp:attachment":[{"href":"https:\/\/pressingvendays.fr\/index.php\/wp-json\/wp\/v2\/media?parent=118"}],"curies":[{"name":"wp","href":"https:\/\/api.w.org\/{rel}","templated":true}]}}